{"id":55,"date":"2023-04-26T21:30:47","date_gmt":"2023-04-26T19:30:47","guid":{"rendered":"http:\/\/les-sens-tantra.fr\/?page_id=55"},"modified":"2025-07-21T18:07:26","modified_gmt":"2025-07-21T16:07:26","slug":"notre-charte-qualite","status":"publish","type":"page","link":"https:\/\/les-sens-tantra.fr\/index.php\/notre-charte-qualite\/","title":{"rendered":"Bon \u00e0 savoir"},"content":{"rendered":"\n<p>Notre charte qualite \u00e0 lire absolument !<\/p>\n\n\n\n<div class=\"wp-block-columns is-layout-flex wp-container-core-columns-is-layout-9d6595d7 wp-block-columns-is-layout-flex\">\n<div class=\"wp-block-column is-layout-flow wp-block-column-is-layout-flow\" style=\"flex-basis:33.33%\">\n<figure class=\"wp-block-image size-large\"><img loading=\"lazy\" decoding=\"async\" width=\"683\" height=\"1024\" src=\"https:\/\/les-sens-tantra.fr\/wp-content\/uploads\/2023\/04\/woman-1987808_1920-683x1024.jpg\" alt=\"Notre charte qualite\" class=\"wp-image-56\" srcset=\"https:\/\/les-sens-tantra.fr\/wp-content\/uploads\/2023\/04\/woman-1987808_1920-683x1024.jpg 683w, https:\/\/les-sens-tantra.fr\/wp-content\/uploads\/2023\/04\/woman-1987808_1920-200x300.jpg 200w, https:\/\/les-sens-tantra.fr\/wp-content\/uploads\/2023\/04\/woman-1987808_1920-768x1152.jpg 768w, https:\/\/les-sens-tantra.fr\/wp-content\/uploads\/2023\/04\/woman-1987808_1920-1024x1536.jpg 1024w, https:\/\/les-sens-tantra.fr\/wp-content\/uploads\/2023\/04\/woman-1987808_1920.jpg 1280w\" sizes=\"auto, (max-width: 683px) 100vw, 683px\" \/><\/figure>\n<\/div>\n\n\n\n<div class=\"wp-block-column is-layout-flow wp-block-column-is-layout-flow\" style=\"flex-basis:66.66%\">\n<p>Notre charte qualit\u00e9 pour le confort de tous. Nous pratiquons nos massages Tantra pr\u00e8s de Miramont de Guyenne 47800, Nous pouvons \u00e9galement nous d\u00e9placer \u00e0 domicile (uniquement pour les couples ou femmes). Possibilit\u00e9 de Massage \u00e0 domicile ajouter les frais de d\u00e9placement 0.35 \u20ac\/km A+R maxi 50 kms.<br>Aussi pour les massages, <strong>Sandrine masse les hommes et Herv\u00e9 les femmes, pour les massages en duo vous pouvez \u00eatre dans la m\u00eame pi\u00e8ce ou s\u00e9par\u00e9es \u00e0 votre convenance.<\/strong><br>Par ailleurs avant chaque rendez-vous un entretien t\u00e9l\u00e9phonique est indispensable en pr\u00e9sence de monsieur et madame afin de vous expliquer nos diff\u00e9rents massages. Pr\u00e9voir un temps assez large pour le temps de parole, une collation et la douche \u00e9ventuellement.<\/p>\n<\/div>\n<\/div>\n\n\n\n<h2 class=\"wp-block-heading\"><strong>Nous nous engagons<\/strong> :<\/h2>\n\n\n\n<p>A masser avec bienveillance tout en respectant scrupuleusement les limites de la personne recevant le massage ou le rituel ou le massage dans le noir.<br>Mais \u00e9galement de respecter la dignit\u00e9 de la personne.<br>A respecter la confidentialit\u00e9 des clients<br>Aussi de respecter le droit \u00e0 la pudeur en n\u2019exigeant en aucun cas la nudit\u00e9 ou le toucher des parties intimes ou sensibles de la personne recevant le massage ou le rituel.<br>Par ailleurs, respecter les r\u00e8gles d\u2019hygi\u00e8ne (Douche disponible si besoin avant et apres le massage).<br>Enfin, la charte ainsi que le consentement seront \u00e0 signer avant toutes prestations afin de bien \u00eatre sur de votre accord.<\/p>\n\n\n\n<div class=\"wp-block-cover\"><img loading=\"lazy\" decoding=\"async\" width=\"1024\" height=\"835\" class=\"wp-block-cover__image-background wp-image-267\" alt=\"Notre charte qualite\" src=\"https:\/\/les-sens-tantra.fr\/wp-content\/uploads\/2024\/10\/20240619_124426-1024x835.jpg\" style=\"object-position:47% 77%\" data-object-fit=\"cover\" data-object-position=\"47% 77%\" srcset=\"https:\/\/les-sens-tantra.fr\/wp-content\/uploads\/2024\/10\/20240619_124426-1024x835.jpg 1024w, https:\/\/les-sens-tantra.fr\/wp-content\/uploads\/2024\/10\/20240619_124426-300x245.jpg 300w, https:\/\/les-sens-tantra.fr\/wp-content\/uploads\/2024\/10\/20240619_124426-768x626.jpg 768w, https:\/\/les-sens-tantra.fr\/wp-content\/uploads\/2024\/10\/20240619_124426-1536x1253.jpg 1536w, https:\/\/les-sens-tantra.fr\/wp-content\/uploads\/2024\/10\/20240619_124426-2048x1670.jpg 2048w\" sizes=\"auto, (max-width: 1024px) 100vw, 1024px\" \/><span aria-hidden=\"true\" class=\"wp-block-cover__background has-background-dim\"><\/span><div class=\"wp-block-cover__inner-container is-layout-flow wp-block-cover-is-layout-flow\">\n<p class=\"has-text-align-center has-large-font-size\">Sandrine<\/p>\n<\/div><\/div>\n\n\n\n<p><\/p>\n\n\n\n<div class=\"wp-block-cover\"><img loading=\"lazy\" decoding=\"async\" width=\"768\" height=\"1024\" class=\"wp-block-cover__image-background wp-image-365\" alt=\"\" src=\"https:\/\/les-sens-tantra.fr\/wp-content\/uploads\/2025\/07\/20250504_090650-768x1024.jpg\" data-object-fit=\"cover\" srcset=\"https:\/\/les-sens-tantra.fr\/wp-content\/uploads\/2025\/07\/20250504_090650-768x1024.jpg 768w, https:\/\/les-sens-tantra.fr\/wp-content\/uploads\/2025\/07\/20250504_090650-225x300.jpg 225w, https:\/\/les-sens-tantra.fr\/wp-content\/uploads\/2025\/07\/20250504_090650-1152x1536.jpg 1152w, https:\/\/les-sens-tantra.fr\/wp-content\/uploads\/2025\/07\/20250504_090650-1536x2048.jpg 1536w, https:\/\/les-sens-tantra.fr\/wp-content\/uploads\/2025\/07\/20250504_090650-scaled.jpg 1920w\" sizes=\"auto, (max-width: 768px) 100vw, 768px\" \/><span aria-hidden=\"true\" class=\"wp-block-cover__background has-background-dim\"><\/span><div class=\"wp-block-cover__inner-container is-layout-flow wp-block-cover-is-layout-flow\">\n<p class=\"has-text-align-center has-large-font-size\">Herv\u00e9<\/p>\n<\/div><\/div>\n\n\n\n<h2 class=\"wp-block-heading has-vivid-red-color has-text-color has-link-color wp-elements-b281c3e3ed04cca8a3f9e19d3a1af5e6\">Important :<\/h2>\n\n\n\n<p class=\"has-vivid-red-color has-text-color has-link-color wp-elements-9d1de3c8809fe9622161ef544a4c6998\"><strong>Malheureusement nous sommes oblig\u00e9s de pr\u00e9ciser certains points :<br>Il n\u2019y a pas de prestations sexuelles. Toute personne ayant des paroles ou un comportement inappropri\u00e9 nous obligerait \u00e0 mettre fin \u00e0 la s\u00e9ance imm\u00e9diatement et sans aucun remboursement.<\/strong> <strong>Nos stages ne sont pas libertins, ni \u00e9changistes etc&#8230;<\/strong> <strong>Le naturisme est accept\u00e9 pour les stages si tous les couples sont d&rsquo;accord<\/strong>.<\/p>\n\n\n\n<p><br><a data-type=\"page\" data-id=\"46\" href=\"https:\/\/les-sens-tantra.fr\/index.php\/tarifs\/\">Nos tarifs<\/a><br><a data-type=\"page\" data-id=\"35\" href=\"https:\/\/les-sens-tantra.fr\/index.php\/contact\/\">Contacts<\/a><\/p>\n\n\n\n<p><\/p>\n","protected":false},"excerpt":{"rendered":"<p>Notre charte qualite \u00e0 lire absolument ! Notre charte qualit\u00e9 pour le confort de tous. Nous pratiquons nos massages Tantra pr\u00e8s de Miramont de Guyenne 47800, Nous pouvons \u00e9galement nous <a class=\"more-link\" href=\"https:\/\/les-sens-tantra.fr\/index.php\/notre-charte-qualite\/\">Continuer la lecture &rarr;<\/a><\/p>\n","protected":false},"author":1,"featured_media":0,"parent":0,"menu_order":0,"comment_status":"closed","ping_status":"closed","template":"","meta":{"footnotes":""},"class_list":["post-55","page","type-page","status-publish","hentry"],"yoast_head":"<!-- This site is optimized with the Yoast SEO plugin v26.8 - https:\/\/yoast.com\/product\/yoast-seo-wordpress\/ -->\n<title>Bon \u00e0 savoir - Les Sens Tantra<\/title>\n<meta name=\"description\" content=\"Notre charte qualite Nous pratiquons nos massages Tantra \u00e0 Miramont de Guyenne 47800 ou \u00e0 domicile (uniquement pour les couples ou femmes)\" \/>\n<meta name=\"robots\" content=\"index, follow, max-snippet:-1, max-image-preview:large, max-video-preview:-1\" \/>\n<link rel=\"canonical\" href=\"https:\/\/les-sens-tantra.fr\/index.php\/notre-charte-qualite\/\" \/>\n<meta property=\"og:locale\" content=\"fr_FR\" \/>\n<meta property=\"og:type\" content=\"article\" \/>\n<meta property=\"og:title\" content=\"Bon \u00e0 savoir - Les Sens Tantra\" \/>\n<meta property=\"og:description\" content=\"Notre charte qualite Nous pratiquons nos massages Tantra \u00e0 Miramont de Guyenne 47800 ou \u00e0 domicile (uniquement pour les couples ou femmes)\" \/>\n<meta property=\"og:url\" content=\"https:\/\/les-sens-tantra.fr\/index.php\/notre-charte-qualite\/\" \/>\n<meta property=\"og:site_name\" content=\"Les Sens Tantra\" \/>\n<meta property=\"article:publisher\" content=\"https:\/\/www.facebook.com\/les.sens.tantra\" \/>\n<meta property=\"article:modified_time\" content=\"2025-07-21T16:07:26+00:00\" \/>\n<meta property=\"og:image\" content=\"http:\/\/les-sens-tantra.fr\/wp-content\/uploads\/2023\/04\/woman-1987808_1920-683x1024.jpg\" \/>\n<meta name=\"twitter:card\" content=\"summary_large_image\" \/>\n<meta name=\"twitter:label1\" content=\"Dur\u00e9e de lecture estim\u00e9e\" \/>\n\t<meta name=\"twitter:data1\" content=\"3 minutes\" \/>\n<script type=\"application\/ld+json\" class=\"yoast-schema-graph\">{\"@context\":\"https:\/\/schema.org\",\"@graph\":[{\"@type\":\"WebPage\",\"@id\":\"https:\/\/les-sens-tantra.fr\/index.php\/notre-charte-qualite\/\",\"url\":\"https:\/\/les-sens-tantra.fr\/index.php\/notre-charte-qualite\/\",\"name\":\"Bon \u00e0 savoir - Les Sens Tantra\",\"isPartOf\":{\"@id\":\"https:\/\/les-sens-tantra.fr\/#website\"},\"primaryImageOfPage\":{\"@id\":\"https:\/\/les-sens-tantra.fr\/index.php\/notre-charte-qualite\/#primaryimage\"},\"image\":{\"@id\":\"https:\/\/les-sens-tantra.fr\/index.php\/notre-charte-qualite\/#primaryimage\"},\"thumbnailUrl\":\"http:\/\/les-sens-tantra.fr\/wp-content\/uploads\/2023\/04\/woman-1987808_1920-683x1024.jpg\",\"datePublished\":\"2023-04-26T19:30:47+00:00\",\"dateModified\":\"2025-07-21T16:07:26+00:00\",\"description\":\"Notre charte qualite Nous pratiquons nos massages Tantra \u00e0 Miramont de Guyenne 47800 ou \u00e0 domicile (uniquement pour les couples ou femmes)\",\"breadcrumb\":{\"@id\":\"https:\/\/les-sens-tantra.fr\/index.php\/notre-charte-qualite\/#breadcrumb\"},\"inLanguage\":\"fr-FR\",\"potentialAction\":[{\"@type\":\"ReadAction\",\"target\":[\"https:\/\/les-sens-tantra.fr\/index.php\/notre-charte-qualite\/\"]}]},{\"@type\":\"ImageObject\",\"inLanguage\":\"fr-FR\",\"@id\":\"https:\/\/les-sens-tantra.fr\/index.php\/notre-charte-qualite\/#primaryimage\",\"url\":\"http:\/\/les-sens-tantra.fr\/wp-content\/uploads\/2023\/04\/woman-1987808_1920-683x1024.jpg\",\"contentUrl\":\"http:\/\/les-sens-tantra.fr\/wp-content\/uploads\/2023\/04\/woman-1987808_1920-683x1024.jpg\"},{\"@type\":\"BreadcrumbList\",\"@id\":\"https:\/\/les-sens-tantra.fr\/index.php\/notre-charte-qualite\/#breadcrumb\",\"itemListElement\":[{\"@type\":\"ListItem\",\"position\":1,\"name\":\"Accueil\",\"item\":\"https:\/\/les-sens-tantra.fr\/\"},{\"@type\":\"ListItem\",\"position\":2,\"name\":\"Bon \u00e0 savoir\"}]},{\"@type\":\"WebSite\",\"@id\":\"https:\/\/les-sens-tantra.fr\/#website\",\"url\":\"https:\/\/les-sens-tantra.fr\/\",\"name\":\"Les Sens Tantra\",\"description\":\"au del\u00e0 du geste, le toucher.\",\"publisher\":{\"@id\":\"https:\/\/les-sens-tantra.fr\/#organization\"},\"potentialAction\":[{\"@type\":\"SearchAction\",\"target\":{\"@type\":\"EntryPoint\",\"urlTemplate\":\"https:\/\/les-sens-tantra.fr\/?s={search_term_string}\"},\"query-input\":{\"@type\":\"PropertyValueSpecification\",\"valueRequired\":true,\"valueName\":\"search_term_string\"}}],\"inLanguage\":\"fr-FR\"},{\"@type\":\"Organization\",\"@id\":\"https:\/\/les-sens-tantra.fr\/#organization\",\"name\":\"Les Sens Tantra\",\"url\":\"https:\/\/les-sens-tantra.fr\/\",\"logo\":{\"@type\":\"ImageObject\",\"inLanguage\":\"fr-FR\",\"@id\":\"https:\/\/les-sens-tantra.fr\/#\/schema\/logo\/image\/\",\"url\":\"http:\/\/les-sens-tantra.fr\/wp-content\/uploads\/2023\/04\/logo_sexotherapeute-removebg-preview-1.png\",\"contentUrl\":\"http:\/\/les-sens-tantra.fr\/wp-content\/uploads\/2023\/04\/logo_sexotherapeute-removebg-preview-1.png\",\"width\":487,\"height\":513,\"caption\":\"Les Sens Tantra\"},\"image\":{\"@id\":\"https:\/\/les-sens-tantra.fr\/#\/schema\/logo\/image\/\"},\"sameAs\":[\"https:\/\/www.facebook.com\/les.sens.tantra\"]}]}<\/script>\n<!-- \/ Yoast SEO plugin. -->","yoast_head_json":{"title":"Bon \u00e0 savoir - Les Sens Tantra","description":"Notre charte qualite Nous pratiquons nos massages Tantra \u00e0 Miramont de Guyenne 47800 ou \u00e0 domicile (uniquement pour les couples ou femmes)","robots":{"index":"index","follow":"follow","max-snippet":"max-snippet:-1","max-image-preview":"max-image-preview:large","max-video-preview":"max-video-preview:-1"},"canonical":"https:\/\/les-sens-tantra.fr\/index.php\/notre-charte-qualite\/","og_locale":"fr_FR","og_type":"article","og_title":"Bon \u00e0 savoir - Les Sens Tantra","og_description":"Notre charte qualite Nous pratiquons nos massages Tantra \u00e0 Miramont de Guyenne 47800 ou \u00e0 domicile (uniquement pour les couples ou femmes)","og_url":"https:\/\/les-sens-tantra.fr\/index.php\/notre-charte-qualite\/","og_site_name":"Les Sens Tantra","article_publisher":"https:\/\/www.facebook.com\/les.sens.tantra","article_modified_time":"2025-07-21T16:07:26+00:00","og_image":[{"url":"http:\/\/les-sens-tantra.fr\/wp-content\/uploads\/2023\/04\/woman-1987808_1920-683x1024.jpg","type":"","width":"","height":""}],"twitter_card":"summary_large_image","twitter_misc":{"Dur\u00e9e de lecture estim\u00e9e":"3 minutes"},"schema":{"@context":"https:\/\/schema.org","@graph":[{"@type":"WebPage","@id":"https:\/\/les-sens-tantra.fr\/index.php\/notre-charte-qualite\/","url":"https:\/\/les-sens-tantra.fr\/index.php\/notre-charte-qualite\/","name":"Bon \u00e0 savoir - Les Sens Tantra","isPartOf":{"@id":"https:\/\/les-sens-tantra.fr\/#website"},"primaryImageOfPage":{"@id":"https:\/\/les-sens-tantra.fr\/index.php\/notre-charte-qualite\/#primaryimage"},"image":{"@id":"https:\/\/les-sens-tantra.fr\/index.php\/notre-charte-qualite\/#primaryimage"},"thumbnailUrl":"http:\/\/les-sens-tantra.fr\/wp-content\/uploads\/2023\/04\/woman-1987808_1920-683x1024.jpg","datePublished":"2023-04-26T19:30:47+00:00","dateModified":"2025-07-21T16:07:26+00:00","description":"Notre charte qualite Nous pratiquons nos massages Tantra \u00e0 Miramont de Guyenne 47800 ou \u00e0 domicile (uniquement pour les couples ou femmes)","breadcrumb":{"@id":"https:\/\/les-sens-tantra.fr\/index.php\/notre-charte-qualite\/#breadcrumb"},"inLanguage":"fr-FR","potentialAction":[{"@type":"ReadAction","target":["https:\/\/les-sens-tantra.fr\/index.php\/notre-charte-qualite\/"]}]},{"@type":"ImageObject","inLanguage":"fr-FR","@id":"https:\/\/les-sens-tantra.fr\/index.php\/notre-charte-qualite\/#primaryimage","url":"http:\/\/les-sens-tantra.fr\/wp-content\/uploads\/2023\/04\/woman-1987808_1920-683x1024.jpg","contentUrl":"http:\/\/les-sens-tantra.fr\/wp-content\/uploads\/2023\/04\/woman-1987808_1920-683x1024.jpg"},{"@type":"BreadcrumbList","@id":"https:\/\/les-sens-tantra.fr\/index.php\/notre-charte-qualite\/#breadcrumb","itemListElement":[{"@type":"ListItem","position":1,"name":"Accueil","item":"https:\/\/les-sens-tantra.fr\/"},{"@type":"ListItem","position":2,"name":"Bon \u00e0 savoir"}]},{"@type":"WebSite","@id":"https:\/\/les-sens-tantra.fr\/#website","url":"https:\/\/les-sens-tantra.fr\/","name":"Les Sens Tantra","description":"au del\u00e0 du geste, le toucher.","publisher":{"@id":"https:\/\/les-sens-tantra.fr\/#organization"},"potentialAction":[{"@type":"SearchAction","target":{"@type":"EntryPoint","urlTemplate":"https:\/\/les-sens-tantra.fr\/?s={search_term_string}"},"query-input":{"@type":"PropertyValueSpecification","valueRequired":true,"valueName":"search_term_string"}}],"inLanguage":"fr-FR"},{"@type":"Organization","@id":"https:\/\/les-sens-tantra.fr\/#organization","name":"Les Sens Tantra","url":"https:\/\/les-sens-tantra.fr\/","logo":{"@type":"ImageObject","inLanguage":"fr-FR","@id":"https:\/\/les-sens-tantra.fr\/#\/schema\/logo\/image\/","url":"http:\/\/les-sens-tantra.fr\/wp-content\/uploads\/2023\/04\/logo_sexotherapeute-removebg-preview-1.png","contentUrl":"http:\/\/les-sens-tantra.fr\/wp-content\/uploads\/2023\/04\/logo_sexotherapeute-removebg-preview-1.png","width":487,"height":513,"caption":"Les Sens Tantra"},"image":{"@id":"https:\/\/les-sens-tantra.fr\/#\/schema\/logo\/image\/"},"sameAs":["https:\/\/www.facebook.com\/les.sens.tantra"]}]}},"_links":{"self":[{"href":"https:\/\/les-sens-tantra.fr\/index.php\/wp-json\/wp\/v2\/pages\/55","targetHints":{"allow":["GET"]}}],"collection":[{"href":"https:\/\/les-sens-tantra.fr\/index.php\/wp-json\/wp\/v2\/pages"}],"about":[{"href":"https:\/\/les-sens-tantra.fr\/index.php\/wp-json\/wp\/v2\/types\/page"}],"author":[{"embeddable":true,"href":"https:\/\/les-sens-tantra.fr\/index.php\/wp-json\/wp\/v2\/users\/1"}],"replies":[{"embeddable":true,"href":"https:\/\/les-sens-tantra.fr\/index.php\/wp-json\/wp\/v2\/comments?post=55"}],"version-history":[{"count":28,"href":"https:\/\/les-sens-tantra.fr\/index.php\/wp-json\/wp\/v2\/pages\/55\/revisions"}],"predecessor-version":[{"id":368,"href":"https:\/\/les-sens-tantra.fr\/index.php\/wp-json\/wp\/v2\/pages\/55\/revisions\/368"}],"wp:attachment":[{"href":"https:\/\/les-sens-tantra.fr\/index.php\/wp-json\/wp\/v2\/media?parent=55"}],"curies":[{"name":"wp","href":"https:\/\/api.w.org\/{rel}","templated":true}]}}