{"id":46,"date":"2023-04-26T21:22:58","date_gmt":"2023-04-26T19:22:58","guid":{"rendered":"http:\/\/les-sens-tantra.fr\/?page_id=46"},"modified":"2025-07-21T13:35:05","modified_gmt":"2025-07-21T11:35:05","slug":"tarifs-massage-tantra-et-naturiste","status":"publish","type":"page","link":"https:\/\/les-sens-tantra.fr\/index.php\/tarifs-massage-tantra-et-naturiste\/","title":{"rendered":"Tarifs"},"content":{"rendered":"\n<figure class=\"wp-block-image size-large\"><img loading=\"lazy\" decoding=\"async\" width=\"1024\" height=\"768\" src=\"https:\/\/les-sens-tantra.fr\/wp-content\/uploads\/2024\/10\/golden-head-park-1256513_1280-1024x768.jpg\" alt=\"massage tantra\" class=\"wp-image-306\" srcset=\"https:\/\/les-sens-tantra.fr\/wp-content\/uploads\/2024\/10\/golden-head-park-1256513_1280-1024x768.jpg 1024w, https:\/\/les-sens-tantra.fr\/wp-content\/uploads\/2024\/10\/golden-head-park-1256513_1280-300x225.jpg 300w, https:\/\/les-sens-tantra.fr\/wp-content\/uploads\/2024\/10\/golden-head-park-1256513_1280-768x576.jpg 768w, https:\/\/les-sens-tantra.fr\/wp-content\/uploads\/2024\/10\/golden-head-park-1256513_1280.jpg 1280w\" sizes=\"auto, (max-width: 1024px) 100vw, 1024px\" \/><\/figure>\n\n\n\n<p class=\"has-normal-font-size\">Modelage Tantra 1h00 solo femme : 80 \u20ac<br>Modelage Tantra 1h00 solo homme : 100 \u20ac (apres avoir eu un \u00e9change t\u00e9l\u00e9phonique)<br>Modelage Tantra 1h00 en duo : 140 \u20ac<br><br>Modelage Tantra 1h30 solo femme : 100 \u20ac<br>Modelage Tantra 1h30 solo homme : 140 \u20ac (apres avoir eu un \u00e9change t\u00e9l\u00e9phonique)<br>Modelage Tantra 1h30 en duo : 180 \u20ac<\/p>\n\n\n\n<p>Rituel Eveil des Sens 1h30 solo femme : 100 \u20ac<br>Rituel Eveil des Sens 1h30 en Duo : 180 \u20ac<\/p>\n\n\n\n<p>Modelage Dark Massage 1h30 solo femme : 100 \u20ac<br>Modelage Dark Massage 1h30 en duo : 180 \u20ac<\/p>\n\n\n\n<p>Massage d\u00e9tente \u00e0 4 mains pour Femme : 1h00 : 100 \u20ac<br>Massage d\u00e9tente \u00e0 4 mains pour Femme avec massage de la yoni : 1h30 : 120 \u20ac<br><br>Journ\u00e9e couple : 190 \u20ac pour le couple 1 journ\u00e9e (massage + 1 atelier)<br>Journ\u00e9es couple : 290 \u20ac pour le couple 2 journ\u00e9es + nuit\u00e9e (massage + 2 ateliers)<\/p>\n\n\n\n<p><strong>Nos options :<\/strong><br>Option : Repas du midi (entr\u00e9e plat et dessert) hors boissons 25 \u20ac\/pers entr\u00e9e Plat Dessert<br>Option : Nuit\u00e9e 70 \u20ac (petit d\u00e9jeuner inclus) taxe s\u00e9jour 0.80 \u20ac\/pers\/jour<br>Possibilit\u00e9 de r\u00e8glement en plusieurs fois<\/p>\n\n\n\n<p>Possibilit\u00e9 de Massage \u00e0 domicile ajouter les frais de d\u00e9placement 0.35 \u20ac\/km A+R maxi 25 kms<\/p>\n\n\n\n<p><a href=\"https:\/\/www.facebook.com\/les.sens.tantra\/\" target=\"_blank\" rel=\"noreferrer noopener\">notre facebook <\/a><\/p>\n","protected":false},"excerpt":{"rendered":"<p>Modelage Tantra 1h00 solo femme : 80 \u20acModelage Tantra 1h00 solo homme : 100 \u20ac (apres avoir eu un \u00e9change t\u00e9l\u00e9phonique)Modelage Tantra 1h00 en duo : 140 \u20ac Modelage Tantra <a class=\"more-link\" href=\"https:\/\/les-sens-tantra.fr\/index.php\/tarifs-massage-tantra-et-naturiste\/\">Continuer la lecture &rarr;<\/a><\/p>\n","protected":false},"author":1,"featured_media":0,"parent":0,"menu_order":0,"comment_status":"closed","ping_status":"closed","template":"","meta":{"footnotes":""},"class_list":["post-46","page","type-page","status-publish","hentry"],"yoast_head":"<!-- This site is optimized with the Yoast SEO plugin v26.8 - https:\/\/yoast.com\/product\/yoast-seo-wordpress\/ -->\n<title>Tarifs - Les Sens Tantra<\/title>\n<meta name=\"description\" content=\"voici nos tarifs massage tantra et naturiste avec un rituel naturiste\" \/>\n<meta name=\"robots\" content=\"index, follow, max-snippet:-1, max-image-preview:large, max-video-preview:-1\" \/>\n<link rel=\"canonical\" href=\"https:\/\/les-sens-tantra.fr\/index.php\/tarifs-massage-tantra-et-naturiste\/\" \/>\n<meta property=\"og:locale\" content=\"fr_FR\" \/>\n<meta property=\"og:type\" content=\"article\" \/>\n<meta property=\"og:title\" content=\"Tarifs - Les Sens Tantra\" \/>\n<meta property=\"og:description\" content=\"voici nos tarifs massage tantra et naturiste avec un rituel naturiste\" \/>\n<meta property=\"og:url\" content=\"https:\/\/les-sens-tantra.fr\/index.php\/tarifs-massage-tantra-et-naturiste\/\" \/>\n<meta property=\"og:site_name\" content=\"Les Sens Tantra\" \/>\n<meta property=\"article:publisher\" content=\"https:\/\/www.facebook.com\/les.sens.tantra\" \/>\n<meta property=\"article:modified_time\" content=\"2025-07-21T11:35:05+00:00\" \/>\n<meta property=\"og:image\" content=\"https:\/\/les-sens-tantra.fr\/wp-content\/uploads\/2024\/10\/golden-head-park-1256513_1280.jpg\" \/>\n\t<meta property=\"og:image:width\" content=\"1280\" \/>\n\t<meta property=\"og:image:height\" content=\"960\" \/>\n\t<meta property=\"og:image:type\" content=\"image\/jpeg\" \/>\n<meta name=\"twitter:card\" content=\"summary_large_image\" \/>\n<meta name=\"twitter:label1\" content=\"Dur\u00e9e de lecture estim\u00e9e\" \/>\n\t<meta name=\"twitter:data1\" content=\"2 minutes\" \/>\n<script type=\"application\/ld+json\" class=\"yoast-schema-graph\">{\"@context\":\"https:\/\/schema.org\",\"@graph\":[{\"@type\":\"WebPage\",\"@id\":\"https:\/\/les-sens-tantra.fr\/index.php\/tarifs-massage-tantra-et-naturiste\/\",\"url\":\"https:\/\/les-sens-tantra.fr\/index.php\/tarifs-massage-tantra-et-naturiste\/\",\"name\":\"Tarifs - Les Sens Tantra\",\"isPartOf\":{\"@id\":\"https:\/\/les-sens-tantra.fr\/#website\"},\"primaryImageOfPage\":{\"@id\":\"https:\/\/les-sens-tantra.fr\/index.php\/tarifs-massage-tantra-et-naturiste\/#primaryimage\"},\"image\":{\"@id\":\"https:\/\/les-sens-tantra.fr\/index.php\/tarifs-massage-tantra-et-naturiste\/#primaryimage\"},\"thumbnailUrl\":\"https:\/\/les-sens-tantra.fr\/wp-content\/uploads\/2024\/10\/golden-head-park-1256513_1280-1024x768.jpg\",\"datePublished\":\"2023-04-26T19:22:58+00:00\",\"dateModified\":\"2025-07-21T11:35:05+00:00\",\"description\":\"voici nos tarifs massage tantra et naturiste avec un rituel naturiste\",\"breadcrumb\":{\"@id\":\"https:\/\/les-sens-tantra.fr\/index.php\/tarifs-massage-tantra-et-naturiste\/#breadcrumb\"},\"inLanguage\":\"fr-FR\",\"potentialAction\":[{\"@type\":\"ReadAction\",\"target\":[\"https:\/\/les-sens-tantra.fr\/index.php\/tarifs-massage-tantra-et-naturiste\/\"]}]},{\"@type\":\"ImageObject\",\"inLanguage\":\"fr-FR\",\"@id\":\"https:\/\/les-sens-tantra.fr\/index.php\/tarifs-massage-tantra-et-naturiste\/#primaryimage\",\"url\":\"https:\/\/les-sens-tantra.fr\/wp-content\/uploads\/2024\/10\/golden-head-park-1256513_1280.jpg\",\"contentUrl\":\"https:\/\/les-sens-tantra.fr\/wp-content\/uploads\/2024\/10\/golden-head-park-1256513_1280.jpg\",\"width\":1280,\"height\":960},{\"@type\":\"BreadcrumbList\",\"@id\":\"https:\/\/les-sens-tantra.fr\/index.php\/tarifs-massage-tantra-et-naturiste\/#breadcrumb\",\"itemListElement\":[{\"@type\":\"ListItem\",\"position\":1,\"name\":\"Accueil\",\"item\":\"https:\/\/les-sens-tantra.fr\/\"},{\"@type\":\"ListItem\",\"position\":2,\"name\":\"Tarifs\"}]},{\"@type\":\"WebSite\",\"@id\":\"https:\/\/les-sens-tantra.fr\/#website\",\"url\":\"https:\/\/les-sens-tantra.fr\/\",\"name\":\"Les Sens Tantra\",\"description\":\"au del\u00e0 du geste, le toucher.\",\"publisher\":{\"@id\":\"https:\/\/les-sens-tantra.fr\/#organization\"},\"potentialAction\":[{\"@type\":\"SearchAction\",\"target\":{\"@type\":\"EntryPoint\",\"urlTemplate\":\"https:\/\/les-sens-tantra.fr\/?s={search_term_string}\"},\"query-input\":{\"@type\":\"PropertyValueSpecification\",\"valueRequired\":true,\"valueName\":\"search_term_string\"}}],\"inLanguage\":\"fr-FR\"},{\"@type\":\"Organization\",\"@id\":\"https:\/\/les-sens-tantra.fr\/#organization\",\"name\":\"Les Sens Tantra\",\"url\":\"https:\/\/les-sens-tantra.fr\/\",\"logo\":{\"@type\":\"ImageObject\",\"inLanguage\":\"fr-FR\",\"@id\":\"https:\/\/les-sens-tantra.fr\/#\/schema\/logo\/image\/\",\"url\":\"http:\/\/les-sens-tantra.fr\/wp-content\/uploads\/2023\/04\/logo_sexotherapeute-removebg-preview-1.png\",\"contentUrl\":\"http:\/\/les-sens-tantra.fr\/wp-content\/uploads\/2023\/04\/logo_sexotherapeute-removebg-preview-1.png\",\"width\":487,\"height\":513,\"caption\":\"Les Sens Tantra\"},\"image\":{\"@id\":\"https:\/\/les-sens-tantra.fr\/#\/schema\/logo\/image\/\"},\"sameAs\":[\"https:\/\/www.facebook.com\/les.sens.tantra\"]}]}<\/script>\n<!-- \/ Yoast SEO plugin. -->","yoast_head_json":{"title":"Tarifs - Les Sens Tantra","description":"voici nos tarifs massage tantra et naturiste avec un rituel naturiste","robots":{"index":"index","follow":"follow","max-snippet":"max-snippet:-1","max-image-preview":"max-image-preview:large","max-video-preview":"max-video-preview:-1"},"canonical":"https:\/\/les-sens-tantra.fr\/index.php\/tarifs-massage-tantra-et-naturiste\/","og_locale":"fr_FR","og_type":"article","og_title":"Tarifs - Les Sens Tantra","og_description":"voici nos tarifs massage tantra et naturiste avec un rituel naturiste","og_url":"https:\/\/les-sens-tantra.fr\/index.php\/tarifs-massage-tantra-et-naturiste\/","og_site_name":"Les Sens Tantra","article_publisher":"https:\/\/www.facebook.com\/les.sens.tantra","article_modified_time":"2025-07-21T11:35:05+00:00","og_image":[{"width":1280,"height":960,"url":"https:\/\/les-sens-tantra.fr\/wp-content\/uploads\/2024\/10\/golden-head-park-1256513_1280.jpg","type":"image\/jpeg"}],"twitter_card":"summary_large_image","twitter_misc":{"Dur\u00e9e de lecture estim\u00e9e":"2 minutes"},"schema":{"@context":"https:\/\/schema.org","@graph":[{"@type":"WebPage","@id":"https:\/\/les-sens-tantra.fr\/index.php\/tarifs-massage-tantra-et-naturiste\/","url":"https:\/\/les-sens-tantra.fr\/index.php\/tarifs-massage-tantra-et-naturiste\/","name":"Tarifs - Les Sens Tantra","isPartOf":{"@id":"https:\/\/les-sens-tantra.fr\/#website"},"primaryImageOfPage":{"@id":"https:\/\/les-sens-tantra.fr\/index.php\/tarifs-massage-tantra-et-naturiste\/#primaryimage"},"image":{"@id":"https:\/\/les-sens-tantra.fr\/index.php\/tarifs-massage-tantra-et-naturiste\/#primaryimage"},"thumbnailUrl":"https:\/\/les-sens-tantra.fr\/wp-content\/uploads\/2024\/10\/golden-head-park-1256513_1280-1024x768.jpg","datePublished":"2023-04-26T19:22:58+00:00","dateModified":"2025-07-21T11:35:05+00:00","description":"voici nos tarifs massage tantra et naturiste avec un rituel naturiste","breadcrumb":{"@id":"https:\/\/les-sens-tantra.fr\/index.php\/tarifs-massage-tantra-et-naturiste\/#breadcrumb"},"inLanguage":"fr-FR","potentialAction":[{"@type":"ReadAction","target":["https:\/\/les-sens-tantra.fr\/index.php\/tarifs-massage-tantra-et-naturiste\/"]}]},{"@type":"ImageObject","inLanguage":"fr-FR","@id":"https:\/\/les-sens-tantra.fr\/index.php\/tarifs-massage-tantra-et-naturiste\/#primaryimage","url":"https:\/\/les-sens-tantra.fr\/wp-content\/uploads\/2024\/10\/golden-head-park-1256513_1280.jpg","contentUrl":"https:\/\/les-sens-tantra.fr\/wp-content\/uploads\/2024\/10\/golden-head-park-1256513_1280.jpg","width":1280,"height":960},{"@type":"BreadcrumbList","@id":"https:\/\/les-sens-tantra.fr\/index.php\/tarifs-massage-tantra-et-naturiste\/#breadcrumb","itemListElement":[{"@type":"ListItem","position":1,"name":"Accueil","item":"https:\/\/les-sens-tantra.fr\/"},{"@type":"ListItem","position":2,"name":"Tarifs"}]},{"@type":"WebSite","@id":"https:\/\/les-sens-tantra.fr\/#website","url":"https:\/\/les-sens-tantra.fr\/","name":"Les Sens Tantra","description":"au del\u00e0 du geste, le toucher.","publisher":{"@id":"https:\/\/les-sens-tantra.fr\/#organization"},"potentialAction":[{"@type":"SearchAction","target":{"@type":"EntryPoint","urlTemplate":"https:\/\/les-sens-tantra.fr\/?s={search_term_string}"},"query-input":{"@type":"PropertyValueSpecification","valueRequired":true,"valueName":"search_term_string"}}],"inLanguage":"fr-FR"},{"@type":"Organization","@id":"https:\/\/les-sens-tantra.fr\/#organization","name":"Les Sens Tantra","url":"https:\/\/les-sens-tantra.fr\/","logo":{"@type":"ImageObject","inLanguage":"fr-FR","@id":"https:\/\/les-sens-tantra.fr\/#\/schema\/logo\/image\/","url":"http:\/\/les-sens-tantra.fr\/wp-content\/uploads\/2023\/04\/logo_sexotherapeute-removebg-preview-1.png","contentUrl":"http:\/\/les-sens-tantra.fr\/wp-content\/uploads\/2023\/04\/logo_sexotherapeute-removebg-preview-1.png","width":487,"height":513,"caption":"Les Sens Tantra"},"image":{"@id":"https:\/\/les-sens-tantra.fr\/#\/schema\/logo\/image\/"},"sameAs":["https:\/\/www.facebook.com\/les.sens.tantra"]}]}},"_links":{"self":[{"href":"https:\/\/les-sens-tantra.fr\/index.php\/wp-json\/wp\/v2\/pages\/46","targetHints":{"allow":["GET"]}}],"collection":[{"href":"https:\/\/les-sens-tantra.fr\/index.php\/wp-json\/wp\/v2\/pages"}],"about":[{"href":"https:\/\/les-sens-tantra.fr\/index.php\/wp-json\/wp\/v2\/types\/page"}],"author":[{"embeddable":true,"href":"https:\/\/les-sens-tantra.fr\/index.php\/wp-json\/wp\/v2\/users\/1"}],"replies":[{"embeddable":true,"href":"https:\/\/les-sens-tantra.fr\/index.php\/wp-json\/wp\/v2\/comments?post=46"}],"version-history":[{"count":27,"href":"https:\/\/les-sens-tantra.fr\/index.php\/wp-json\/wp\/v2\/pages\/46\/revisions"}],"predecessor-version":[{"id":357,"href":"https:\/\/les-sens-tantra.fr\/index.php\/wp-json\/wp\/v2\/pages\/46\/revisions\/357"}],"wp:attachment":[{"href":"https:\/\/les-sens-tantra.fr\/index.php\/wp-json\/wp\/v2\/media?parent=46"}],"curies":[{"name":"wp","href":"https:\/\/api.w.org\/{rel}","templated":true}]}}