{"id":42,"date":"2023-04-26T21:20:36","date_gmt":"2023-04-26T19:20:36","guid":{"rendered":"http:\/\/les-sens-tantra.fr\/?page_id=42"},"modified":"2025-07-21T17:15:36","modified_gmt":"2025-07-21T15:15:36","slug":"journee-couple","status":"publish","type":"page","link":"https:\/\/les-sens-tantra.fr\/index.php\/journee-couple\/","title":{"rendered":"Stage Couple"},"content":{"rendered":"\n<p>Stage sensuel couple en lot et garonne et dordogne<\/p>\n\n\n<div class=\"wp-block-image\">\n<figure class=\"aligncenter size-full\"><img loading=\"lazy\" decoding=\"async\" width=\"500\" height=\"261\" src=\"https:\/\/les-sens-tantra.fr\/wp-content\/uploads\/2023\/04\/293643787_163210442900387_90154098844662524_n.jpg\" alt=\"Stage sensuel couple en lot et garonne et dordogne\" class=\"wp-image-43\" srcset=\"https:\/\/les-sens-tantra.fr\/wp-content\/uploads\/2023\/04\/293643787_163210442900387_90154098844662524_n.jpg 500w, https:\/\/les-sens-tantra.fr\/wp-content\/uploads\/2023\/04\/293643787_163210442900387_90154098844662524_n-300x157.jpg 300w\" sizes=\"auto, (max-width: 500px) 100vw, 500px\" \/><\/figure>\n<\/div>\n\n\n<p><br>Stage sensuel couple en lot et garonne et dordogne avec Herv\u00e9 Th\u00e9rapeute conjugal sp\u00e9cialis\u00e9 en sexoth\u00e9rapie accompagn\u00e9 de Sandrine son \u00e9pouse pour les massages et initiations.<\/p>\n\n\n\n<p>Sur une ou deux journ\u00e9e. Nous vous proposons nos stages pour evoquer divers sujets dont la perte de libido, la remise en question de votre sexualit\u00e9, le lacher prise, l&rsquo;exploration de nouveaut\u00e9s. A travers les massages, les exercices, les temps de parole donnez une autre dimension \u00e0 votre couple.<\/p>\n\n\n\n<h2 class=\"wp-block-heading has-text-align-center\">le stage se r\u00e9sume en 3 mots : <br>respects, bienveillance et convivialit\u00e9.<\/h2>\n\n\n\n<p class=\"has-large-font-size\"><strong>Un programme personnalis\u00e9 en fonction de vos limites, attentes<\/strong>&#8230;<\/p>\n\n\n\n<figure class=\"wp-block-image size-large\"><img loading=\"lazy\" decoding=\"async\" width=\"1024\" height=\"1024\" src=\"https:\/\/les-sens-tantra.fr\/wp-content\/uploads\/2025\/07\/eroticism-4824849_1280-1024x1024.png\" alt=\"\" class=\"wp-image-361\" srcset=\"https:\/\/les-sens-tantra.fr\/wp-content\/uploads\/2025\/07\/eroticism-4824849_1280-1024x1024.png 1024w, https:\/\/les-sens-tantra.fr\/wp-content\/uploads\/2025\/07\/eroticism-4824849_1280-300x300.png 300w, https:\/\/les-sens-tantra.fr\/wp-content\/uploads\/2025\/07\/eroticism-4824849_1280-150x150.png 150w, https:\/\/les-sens-tantra.fr\/wp-content\/uploads\/2025\/07\/eroticism-4824849_1280-768x768.png 768w, https:\/\/les-sens-tantra.fr\/wp-content\/uploads\/2025\/07\/eroticism-4824849_1280.png 1280w\" sizes=\"auto, (max-width: 1024px) 100vw, 1024px\" \/><\/figure>\n\n\n\n<p>Un stage rien que pour votre couple contactez nous pour definir une date ou voici les dates et tarifs des stages avec plusieurs couples pour 2025 max 3 couples par stage.<br><br>prochain stage les 6 et 7 septembre 2025<\/p>\n\n\n\n<p>Tarif 190 \u20ac \/couple herbergement 70 \u20ac (1 hebergement disponible) possibilit\u00e9 d&rsquo;accueuillir des vans et fourgons am\u00e9nag\u00e9s chambre d&rsquo;h\u00f4tes a proximit\u00e9.<\/p>\n\n\n\n<p>plus d&rsquo;information sur notre site <a href=\"www.les-sens-tantra.fr\">www.les-sens-tantra.fr<\/a> ou par t\u00e9l\u00e9phone au 06 04 03 79 55 <\/p>\n\n\n\n<p>Maximum 3 couples par stage avec au programme un massage Tantra de 1h30 ou Rituel naturiste puis en fonction de vos envies nous vous proposons divers ateliers comme : <br>Une initiation au massage sensuel,<br>initiation au slow sex,<br>les fantasmes,<br>Initiation au BDSM soft<br>utilisation des sex-toys dans le couple,<br>massage de la yoni (sexe feminin), et du lingam (sexe masculin),<br>troubles erectils, ejaculation pr\u00e9coce<br>les plaisirs du point G, apprendre \u00e0 squirter<br>le rituel de la fess\u00e9e \u00e9rotique<br>le massage prostatique<br>Ma\u00eetrise du shibari<br>Osez la photo de charme<br>La sexe-tape on en parle !<br>Hypno orgasme<br>L&rsquo;orgasme Tantrique<br>La sodomie oui ou non ?<br><strong>ou autres sujets que vous voulez aborder.<\/strong><\/p>\n\n\n\n<p>Nous vous accueillerons dans notre ecrin de ser\u00e9nit\u00e9 qui s\u2019\u00e9tend sur un hectare au calme de toutes habitations. Un lieu de ressource et d\u2019apaisement.<br>Nous avons voulu que ce lieu soit propice \u00e0 la d\u00e9tente et \u00e0 la d\u00e9couverte<\/p>\n\n\n\n<p class=\"has-vivid-red-color has-text-color has-link-color wp-elements-04eb19f3815612bb8329d2029ff5dd14\"><strong>Offre 1 stage par mois  \u00e0 190 \u20ac pour le couple stage (massage + atelier) nuit\u00e9e 70 \u20ac (1 hebergement disponible) possibilit\u00e9 d&rsquo;accueuillir des vans et fourgons am\u00e9nag\u00e9s chambre d&rsquo;h\u00f4tes a proximit\u00e9.<\/strong><\/p>\n\n\n\n<p class=\"has-black-color has-text-color has-link-color wp-elements-e0f11a9b7f6d521bf78299af6898138f\">Tarifs :<br>1 journ\u00e9e 190 \u20ac<br>2 journ\u00e9es 290 \u20ac<br>Nos options :<br>Option : Repas du midi (entr\u00e9e plat et dessert) hors boissons 25 \u20ac\/pers entr\u00e9e Plat Dessert<br>Option : Nuit\u00e9e 70 \u20ac (petit d\u00e9jeuner inclus) taxe s\u00e9jour 0.80 \u20ac\/pers\/jour<br>Possibilit\u00e9 de r\u00e8glement en plusieurs fois<\/p>\n\n\n\n<div class=\"wp-block-cover\"><img loading=\"lazy\" decoding=\"async\" width=\"1024\" height=\"863\" class=\"wp-block-cover__image-background wp-image-254\" alt=\"\" src=\"https:\/\/les-sens-tantra.fr\/wp-content\/uploads\/2024\/10\/20240609_132617-1-1024x863.jpg\" data-object-fit=\"cover\" srcset=\"https:\/\/les-sens-tantra.fr\/wp-content\/uploads\/2024\/10\/20240609_132617-1-1024x863.jpg 1024w, https:\/\/les-sens-tantra.fr\/wp-content\/uploads\/2024\/10\/20240609_132617-1-300x253.jpg 300w, https:\/\/les-sens-tantra.fr\/wp-content\/uploads\/2024\/10\/20240609_132617-1-768x647.jpg 768w, https:\/\/les-sens-tantra.fr\/wp-content\/uploads\/2024\/10\/20240609_132617-1-1536x1295.jpg 1536w, https:\/\/les-sens-tantra.fr\/wp-content\/uploads\/2024\/10\/20240609_132617-1-2048x1726.jpg 2048w\" sizes=\"auto, (max-width: 1024px) 100vw, 1024px\" \/><span aria-hidden=\"true\" class=\"wp-block-cover__background has-background-dim\"><\/span><div class=\"wp-block-cover__inner-container is-layout-flow wp-block-cover-is-layout-flow\">\n<p class=\"has-text-align-center has-large-font-size\">Petit moment convivial pendant le stage<\/p>\n<\/div><\/div>\n\n\n\n<p><\/p>\n\n\n\n<p><a href=\"https:\/\/www.facebook.com\/les.sens.tantra\/\">Notre facebo<\/a><a href=\"https:\/\/www.facebook.com\/les.sens.tantra\/\" target=\"_blank\" rel=\"noreferrer noopener\">ok<\/a><\/p>\n","protected":false},"excerpt":{"rendered":"<p>Stage sensuel couple en lot et garonne et dordogne Stage sensuel couple en lot et garonne et dordogne avec Herv\u00e9 Th\u00e9rapeute conjugal sp\u00e9cialis\u00e9 en sexoth\u00e9rapie accompagn\u00e9 de Sandrine son \u00e9pouse <a class=\"more-link\" href=\"https:\/\/les-sens-tantra.fr\/index.php\/journee-couple\/\">Continuer la lecture &rarr;<\/a><\/p>\n","protected":false},"author":1,"featured_media":0,"parent":0,"menu_order":0,"comment_status":"closed","ping_status":"closed","template":"","meta":{"footnotes":""},"class_list":["post-42","page","type-page","status-publish","hentry"],"yoast_head":"<!-- This site is optimized with the Yoast SEO plugin v26.8 - https:\/\/yoast.com\/product\/yoast-seo-wordpress\/ -->\n<title>Stage Couple - Les Sens Tantra<\/title>\n<meta name=\"description\" content=\"Stage sensuel couple en lot et garonne et dordogne avec Herv\u00e9 Th\u00e9rapeute accompagn\u00e9 de Sandrine pour les massages et initiations.\" \/>\n<meta name=\"robots\" content=\"index, follow, max-snippet:-1, max-image-preview:large, max-video-preview:-1\" \/>\n<link rel=\"canonical\" href=\"https:\/\/les-sens-tantra.fr\/index.php\/journee-couple\/\" \/>\n<meta property=\"og:locale\" content=\"fr_FR\" \/>\n<meta property=\"og:type\" content=\"article\" \/>\n<meta property=\"og:title\" content=\"Stage Couple - Les Sens Tantra\" \/>\n<meta property=\"og:description\" content=\"Stage sensuel couple en lot et garonne et dordogne avec Herv\u00e9 Th\u00e9rapeute accompagn\u00e9 de Sandrine pour les massages et initiations.\" \/>\n<meta property=\"og:url\" content=\"https:\/\/les-sens-tantra.fr\/index.php\/journee-couple\/\" \/>\n<meta property=\"og:site_name\" content=\"Les Sens Tantra\" \/>\n<meta property=\"article:publisher\" content=\"https:\/\/www.facebook.com\/les.sens.tantra\" \/>\n<meta property=\"article:modified_time\" content=\"2025-07-21T15:15:36+00:00\" \/>\n<meta property=\"og:image\" content=\"http:\/\/les-sens-tantra.fr\/wp-content\/uploads\/2023\/04\/293643787_163210442900387_90154098844662524_n.jpg\" \/>\n<meta name=\"twitter:card\" content=\"summary_large_image\" \/>\n<meta name=\"twitter:label1\" content=\"Dur\u00e9e de lecture estim\u00e9e\" \/>\n\t<meta name=\"twitter:data1\" content=\"3 minutes\" \/>\n<script type=\"application\/ld+json\" class=\"yoast-schema-graph\">{\"@context\":\"https:\/\/schema.org\",\"@graph\":[{\"@type\":\"WebPage\",\"@id\":\"https:\/\/les-sens-tantra.fr\/index.php\/journee-couple\/\",\"url\":\"https:\/\/les-sens-tantra.fr\/index.php\/journee-couple\/\",\"name\":\"Stage Couple - Les Sens Tantra\",\"isPartOf\":{\"@id\":\"https:\/\/les-sens-tantra.fr\/#website\"},\"primaryImageOfPage\":{\"@id\":\"https:\/\/les-sens-tantra.fr\/index.php\/journee-couple\/#primaryimage\"},\"image\":{\"@id\":\"https:\/\/les-sens-tantra.fr\/index.php\/journee-couple\/#primaryimage\"},\"thumbnailUrl\":\"http:\/\/les-sens-tantra.fr\/wp-content\/uploads\/2023\/04\/293643787_163210442900387_90154098844662524_n.jpg\",\"datePublished\":\"2023-04-26T19:20:36+00:00\",\"dateModified\":\"2025-07-21T15:15:36+00:00\",\"description\":\"Stage sensuel couple en lot et garonne et dordogne avec Herv\u00e9 Th\u00e9rapeute accompagn\u00e9 de Sandrine pour les massages et initiations.\",\"breadcrumb\":{\"@id\":\"https:\/\/les-sens-tantra.fr\/index.php\/journee-couple\/#breadcrumb\"},\"inLanguage\":\"fr-FR\",\"potentialAction\":[{\"@type\":\"ReadAction\",\"target\":[\"https:\/\/les-sens-tantra.fr\/index.php\/journee-couple\/\"]}]},{\"@type\":\"ImageObject\",\"inLanguage\":\"fr-FR\",\"@id\":\"https:\/\/les-sens-tantra.fr\/index.php\/journee-couple\/#primaryimage\",\"url\":\"http:\/\/les-sens-tantra.fr\/wp-content\/uploads\/2023\/04\/293643787_163210442900387_90154098844662524_n.jpg\",\"contentUrl\":\"http:\/\/les-sens-tantra.fr\/wp-content\/uploads\/2023\/04\/293643787_163210442900387_90154098844662524_n.jpg\"},{\"@type\":\"BreadcrumbList\",\"@id\":\"https:\/\/les-sens-tantra.fr\/index.php\/journee-couple\/#breadcrumb\",\"itemListElement\":[{\"@type\":\"ListItem\",\"position\":1,\"name\":\"Accueil\",\"item\":\"https:\/\/les-sens-tantra.fr\/\"},{\"@type\":\"ListItem\",\"position\":2,\"name\":\"Stage Couple\"}]},{\"@type\":\"WebSite\",\"@id\":\"https:\/\/les-sens-tantra.fr\/#website\",\"url\":\"https:\/\/les-sens-tantra.fr\/\",\"name\":\"Les Sens Tantra\",\"description\":\"au del\u00e0 du geste, le toucher.\",\"publisher\":{\"@id\":\"https:\/\/les-sens-tantra.fr\/#organization\"},\"potentialAction\":[{\"@type\":\"SearchAction\",\"target\":{\"@type\":\"EntryPoint\",\"urlTemplate\":\"https:\/\/les-sens-tantra.fr\/?s={search_term_string}\"},\"query-input\":{\"@type\":\"PropertyValueSpecification\",\"valueRequired\":true,\"valueName\":\"search_term_string\"}}],\"inLanguage\":\"fr-FR\"},{\"@type\":\"Organization\",\"@id\":\"https:\/\/les-sens-tantra.fr\/#organization\",\"name\":\"Les Sens Tantra\",\"url\":\"https:\/\/les-sens-tantra.fr\/\",\"logo\":{\"@type\":\"ImageObject\",\"inLanguage\":\"fr-FR\",\"@id\":\"https:\/\/les-sens-tantra.fr\/#\/schema\/logo\/image\/\",\"url\":\"http:\/\/les-sens-tantra.fr\/wp-content\/uploads\/2023\/04\/logo_sexotherapeute-removebg-preview-1.png\",\"contentUrl\":\"http:\/\/les-sens-tantra.fr\/wp-content\/uploads\/2023\/04\/logo_sexotherapeute-removebg-preview-1.png\",\"width\":487,\"height\":513,\"caption\":\"Les Sens Tantra\"},\"image\":{\"@id\":\"https:\/\/les-sens-tantra.fr\/#\/schema\/logo\/image\/\"},\"sameAs\":[\"https:\/\/www.facebook.com\/les.sens.tantra\"]}]}<\/script>\n<!-- \/ Yoast SEO plugin. -->","yoast_head_json":{"title":"Stage Couple - Les Sens Tantra","description":"Stage sensuel couple en lot et garonne et dordogne avec Herv\u00e9 Th\u00e9rapeute accompagn\u00e9 de Sandrine pour les massages et initiations.","robots":{"index":"index","follow":"follow","max-snippet":"max-snippet:-1","max-image-preview":"max-image-preview:large","max-video-preview":"max-video-preview:-1"},"canonical":"https:\/\/les-sens-tantra.fr\/index.php\/journee-couple\/","og_locale":"fr_FR","og_type":"article","og_title":"Stage Couple - Les Sens Tantra","og_description":"Stage sensuel couple en lot et garonne et dordogne avec Herv\u00e9 Th\u00e9rapeute accompagn\u00e9 de Sandrine pour les massages et initiations.","og_url":"https:\/\/les-sens-tantra.fr\/index.php\/journee-couple\/","og_site_name":"Les Sens Tantra","article_publisher":"https:\/\/www.facebook.com\/les.sens.tantra","article_modified_time":"2025-07-21T15:15:36+00:00","og_image":[{"url":"http:\/\/les-sens-tantra.fr\/wp-content\/uploads\/2023\/04\/293643787_163210442900387_90154098844662524_n.jpg","type":"","width":"","height":""}],"twitter_card":"summary_large_image","twitter_misc":{"Dur\u00e9e de lecture estim\u00e9e":"3 minutes"},"schema":{"@context":"https:\/\/schema.org","@graph":[{"@type":"WebPage","@id":"https:\/\/les-sens-tantra.fr\/index.php\/journee-couple\/","url":"https:\/\/les-sens-tantra.fr\/index.php\/journee-couple\/","name":"Stage Couple - Les Sens Tantra","isPartOf":{"@id":"https:\/\/les-sens-tantra.fr\/#website"},"primaryImageOfPage":{"@id":"https:\/\/les-sens-tantra.fr\/index.php\/journee-couple\/#primaryimage"},"image":{"@id":"https:\/\/les-sens-tantra.fr\/index.php\/journee-couple\/#primaryimage"},"thumbnailUrl":"http:\/\/les-sens-tantra.fr\/wp-content\/uploads\/2023\/04\/293643787_163210442900387_90154098844662524_n.jpg","datePublished":"2023-04-26T19:20:36+00:00","dateModified":"2025-07-21T15:15:36+00:00","description":"Stage sensuel couple en lot et garonne et dordogne avec Herv\u00e9 Th\u00e9rapeute accompagn\u00e9 de Sandrine pour les massages et initiations.","breadcrumb":{"@id":"https:\/\/les-sens-tantra.fr\/index.php\/journee-couple\/#breadcrumb"},"inLanguage":"fr-FR","potentialAction":[{"@type":"ReadAction","target":["https:\/\/les-sens-tantra.fr\/index.php\/journee-couple\/"]}]},{"@type":"ImageObject","inLanguage":"fr-FR","@id":"https:\/\/les-sens-tantra.fr\/index.php\/journee-couple\/#primaryimage","url":"http:\/\/les-sens-tantra.fr\/wp-content\/uploads\/2023\/04\/293643787_163210442900387_90154098844662524_n.jpg","contentUrl":"http:\/\/les-sens-tantra.fr\/wp-content\/uploads\/2023\/04\/293643787_163210442900387_90154098844662524_n.jpg"},{"@type":"BreadcrumbList","@id":"https:\/\/les-sens-tantra.fr\/index.php\/journee-couple\/#breadcrumb","itemListElement":[{"@type":"ListItem","position":1,"name":"Accueil","item":"https:\/\/les-sens-tantra.fr\/"},{"@type":"ListItem","position":2,"name":"Stage Couple"}]},{"@type":"WebSite","@id":"https:\/\/les-sens-tantra.fr\/#website","url":"https:\/\/les-sens-tantra.fr\/","name":"Les Sens Tantra","description":"au del\u00e0 du geste, le toucher.","publisher":{"@id":"https:\/\/les-sens-tantra.fr\/#organization"},"potentialAction":[{"@type":"SearchAction","target":{"@type":"EntryPoint","urlTemplate":"https:\/\/les-sens-tantra.fr\/?s={search_term_string}"},"query-input":{"@type":"PropertyValueSpecification","valueRequired":true,"valueName":"search_term_string"}}],"inLanguage":"fr-FR"},{"@type":"Organization","@id":"https:\/\/les-sens-tantra.fr\/#organization","name":"Les Sens Tantra","url":"https:\/\/les-sens-tantra.fr\/","logo":{"@type":"ImageObject","inLanguage":"fr-FR","@id":"https:\/\/les-sens-tantra.fr\/#\/schema\/logo\/image\/","url":"http:\/\/les-sens-tantra.fr\/wp-content\/uploads\/2023\/04\/logo_sexotherapeute-removebg-preview-1.png","contentUrl":"http:\/\/les-sens-tantra.fr\/wp-content\/uploads\/2023\/04\/logo_sexotherapeute-removebg-preview-1.png","width":487,"height":513,"caption":"Les Sens Tantra"},"image":{"@id":"https:\/\/les-sens-tantra.fr\/#\/schema\/logo\/image\/"},"sameAs":["https:\/\/www.facebook.com\/les.sens.tantra"]}]}},"_links":{"self":[{"href":"https:\/\/les-sens-tantra.fr\/index.php\/wp-json\/wp\/v2\/pages\/42","targetHints":{"allow":["GET"]}}],"collection":[{"href":"https:\/\/les-sens-tantra.fr\/index.php\/wp-json\/wp\/v2\/pages"}],"about":[{"href":"https:\/\/les-sens-tantra.fr\/index.php\/wp-json\/wp\/v2\/types\/page"}],"author":[{"embeddable":true,"href":"https:\/\/les-sens-tantra.fr\/index.php\/wp-json\/wp\/v2\/users\/1"}],"replies":[{"embeddable":true,"href":"https:\/\/les-sens-tantra.fr\/index.php\/wp-json\/wp\/v2\/comments?post=42"}],"version-history":[{"count":29,"href":"https:\/\/les-sens-tantra.fr\/index.php\/wp-json\/wp\/v2\/pages\/42\/revisions"}],"predecessor-version":[{"id":363,"href":"https:\/\/les-sens-tantra.fr\/index.php\/wp-json\/wp\/v2\/pages\/42\/revisions\/363"}],"wp:attachment":[{"href":"https:\/\/les-sens-tantra.fr\/index.php\/wp-json\/wp\/v2\/media?parent=42"}],"curies":[{"name":"wp","href":"https:\/\/api.w.org\/{rel}","templated":true}]}}