{"id":390,"date":"2026-01-11T15:31:29","date_gmt":"2026-01-11T14:31:29","guid":{"rendered":"https:\/\/les-sens-tantra.fr\/?page_id=390"},"modified":"2026-02-01T21:26:21","modified_gmt":"2026-02-01T20:26:21","slug":"love-room","status":"publish","type":"page","link":"https:\/\/les-sens-tantra.fr\/index.php\/love-room\/","title":{"rendered":"Love Room"},"content":{"rendered":"\n<figure class=\"wp-block-image size-large\"><img loading=\"lazy\" decoding=\"async\" width=\"1024\" height=\"462\" src=\"https:\/\/les-sens-tantra.fr\/wp-content\/uploads\/2026\/02\/20260123_1814081-1024x462.jpg\" alt=\"\" class=\"wp-image-396\" srcset=\"https:\/\/les-sens-tantra.fr\/wp-content\/uploads\/2026\/02\/20260123_1814081-1024x462.jpg 1024w, https:\/\/les-sens-tantra.fr\/wp-content\/uploads\/2026\/02\/20260123_1814081-300x135.jpg 300w, https:\/\/les-sens-tantra.fr\/wp-content\/uploads\/2026\/02\/20260123_1814081-768x346.jpg 768w, https:\/\/les-sens-tantra.fr\/wp-content\/uploads\/2026\/02\/20260123_1814081-1536x692.jpg 1536w, https:\/\/les-sens-tantra.fr\/wp-content\/uploads\/2026\/02\/20260123_1814081-2048x923.jpg 2048w\" sizes=\"auto, (max-width: 1024px) 100vw, 1024px\" \/><\/figure>\n\n\n\n<p><strong><u>Love room au \u00ab&nbsp;Grey&nbsp;\u00bb de vos envies&nbsp;:<\/u><\/strong><\/p>\n\n\n\n<p>Arriv\u00e9e \u00e0 partir de 17h00 et d\u00e9part le lendemain maximum 11h00<\/p>\n\n\n\n<p>Entrez dans un univers o\u00f9 le raffinement rencontre la passion\u2026<br>Notre love room&nbsp;<em>\u00c9l\u00e9gance &amp; Myst\u00e8re<\/em>&nbsp;s\u2019inspire de l\u2019ambiance envo\u00fbtante de&nbsp;<em>50 nuances de Grey<\/em>&nbsp;pour vous offrir une exp\u00e9rience intime, immersive et inoubliable.<br>Jeux de lumi\u00e8res tamis\u00e9es, mati\u00e8res nobles, couleurs profondes cr\u00e9ent un cadre id\u00e9al pour un moment \u00e0 deux hors du temps.<br>Chaque d\u00e9tail a \u00e9t\u00e9 pens\u00e9 pour \u00e9veiller les sens, lib\u00e9rer les \u00e9motions et inviter \u00e0 la complicit\u00e9.<\/p>\n\n\n\n<p>plus d&rsquo;infos sur le site <a href=\"https:\/\/www.your-love-room.fr\/\" target=\"_blank\" rel=\"noreferrer noopener\">https:\/\/www.your-love-room.fr\/ <\/a><\/p>\n\n\n\n<div class=\"wp-block-columns is-layout-flex wp-container-core-columns-is-layout-9d6595d7 wp-block-columns-is-layout-flex\">\n<div class=\"wp-block-column is-layout-flow wp-block-column-is-layout-flow\">\n<figure class=\"wp-block-image size-full\"><img loading=\"lazy\" decoding=\"async\" width=\"498\" height=\"601\" src=\"https:\/\/les-sens-tantra.fr\/wp-content\/uploads\/2026\/01\/IMG_20250107_185036.jpg\" alt=\"\" class=\"wp-image-388\" srcset=\"https:\/\/les-sens-tantra.fr\/wp-content\/uploads\/2026\/01\/IMG_20250107_185036.jpg 498w, https:\/\/les-sens-tantra.fr\/wp-content\/uploads\/2026\/01\/IMG_20250107_185036-249x300.jpg 249w\" sizes=\"auto, (max-width: 498px) 100vw, 498px\" \/><\/figure>\n<\/div>\n\n\n\n<div class=\"wp-block-column is-layout-flow wp-block-column-is-layout-flow\">\n<figure class=\"wp-block-image size-large\"><img loading=\"lazy\" decoding=\"async\" width=\"1024\" height=\"583\" src=\"https:\/\/les-sens-tantra.fr\/wp-content\/uploads\/2023\/04\/IMGP0494-1024x583.jpg\" alt=\"\" class=\"wp-image-21\" srcset=\"https:\/\/les-sens-tantra.fr\/wp-content\/uploads\/2023\/04\/IMGP0494-1024x583.jpg 1024w, https:\/\/les-sens-tantra.fr\/wp-content\/uploads\/2023\/04\/IMGP0494-300x171.jpg 300w, https:\/\/les-sens-tantra.fr\/wp-content\/uploads\/2023\/04\/IMGP0494-768x437.jpg 768w, https:\/\/les-sens-tantra.fr\/wp-content\/uploads\/2023\/04\/IMGP0494-1536x875.jpg 1536w, https:\/\/les-sens-tantra.fr\/wp-content\/uploads\/2023\/04\/IMGP0494-2048x1166.jpg 2048w\" sizes=\"auto, (max-width: 1024px) 100vw, 1024px\" \/><\/figure>\n\n\n\n<figure class=\"wp-block-image size-large\"><img loading=\"lazy\" decoding=\"async\" width=\"1024\" height=\"462\" src=\"https:\/\/les-sens-tantra.fr\/wp-content\/uploads\/2026\/01\/20251212_172213-scaled-1-1024x462.jpg\" alt=\"\" class=\"wp-image-391\" srcset=\"https:\/\/les-sens-tantra.fr\/wp-content\/uploads\/2026\/01\/20251212_172213-scaled-1-1024x462.jpg 1024w, https:\/\/les-sens-tantra.fr\/wp-content\/uploads\/2026\/01\/20251212_172213-scaled-1-300x135.jpg 300w, https:\/\/les-sens-tantra.fr\/wp-content\/uploads\/2026\/01\/20251212_172213-scaled-1-768x346.jpg 768w, https:\/\/les-sens-tantra.fr\/wp-content\/uploads\/2026\/01\/20251212_172213-scaled-1-1536x692.jpg 1536w, https:\/\/les-sens-tantra.fr\/wp-content\/uploads\/2026\/01\/20251212_172213-scaled-1-2048x923.jpg 2048w\" sizes=\"auto, (max-width: 1024px) 100vw, 1024px\" \/><\/figure>\n<\/div>\n<\/div>\n\n\n\n<div class=\"wp-block-columns is-layout-flex wp-container-core-columns-is-layout-9d6595d7 wp-block-columns-is-layout-flex\">\n<div class=\"wp-block-column is-layout-flow wp-block-column-is-layout-flow\">\n<figure class=\"wp-block-image size-large\"><img loading=\"lazy\" decoding=\"async\" width=\"1154\" height=\"2560\" src=\"https:\/\/les-sens-tantra.fr\/wp-content\/uploads\/2026\/02\/20260123_1800311-edited-scaled.jpg\" alt=\"\" class=\"wp-image-399\" srcset=\"https:\/\/les-sens-tantra.fr\/wp-content\/uploads\/2026\/02\/20260123_1800311-edited-scaled.jpg 1154w, https:\/\/les-sens-tantra.fr\/wp-content\/uploads\/2026\/02\/20260123_1800311-edited-135x300.jpg 135w, https:\/\/les-sens-tantra.fr\/wp-content\/uploads\/2026\/02\/20260123_1800311-edited-462x1024.jpg 462w, https:\/\/les-sens-tantra.fr\/wp-content\/uploads\/2026\/02\/20260123_1800311-edited-768x1704.jpg 768w, https:\/\/les-sens-tantra.fr\/wp-content\/uploads\/2026\/02\/20260123_1800311-edited-692x1536.jpg 692w, https:\/\/les-sens-tantra.fr\/wp-content\/uploads\/2026\/02\/20260123_1800311-edited-923x2048.jpg 923w\" sizes=\"auto, (max-width: 1154px) 100vw, 1154px\" \/><\/figure>\n<\/div>\n\n\n\n<div class=\"wp-block-column is-layout-flow wp-block-column-is-layout-flow\">\n<figure class=\"wp-block-image size-large\"><img loading=\"lazy\" decoding=\"async\" width=\"462\" height=\"1024\" src=\"https:\/\/les-sens-tantra.fr\/wp-content\/uploads\/2026\/02\/20260122_194951-462x1024.jpg\" alt=\"\" class=\"wp-image-400\" srcset=\"https:\/\/les-sens-tantra.fr\/wp-content\/uploads\/2026\/02\/20260122_194951-462x1024.jpg 462w, https:\/\/les-sens-tantra.fr\/wp-content\/uploads\/2026\/02\/20260122_194951-135x300.jpg 135w, https:\/\/les-sens-tantra.fr\/wp-content\/uploads\/2026\/02\/20260122_194951-768x1704.jpg 768w, https:\/\/les-sens-tantra.fr\/wp-content\/uploads\/2026\/02\/20260122_194951-692x1536.jpg 692w, https:\/\/les-sens-tantra.fr\/wp-content\/uploads\/2026\/02\/20260122_194951-923x2048.jpg 923w, https:\/\/les-sens-tantra.fr\/wp-content\/uploads\/2026\/02\/20260122_194951-scaled.jpg 1154w\" sizes=\"auto, (max-width: 462px) 100vw, 462px\" \/><\/figure>\n<\/div>\n<\/div>\n\n\n\n<p><\/p>\n","protected":false},"excerpt":{"rendered":"<p>Love room au \u00ab&nbsp;Grey&nbsp;\u00bb de vos envies&nbsp;: Arriv\u00e9e \u00e0 partir de 17h00 et d\u00e9part le lendemain maximum 11h00 Entrez dans un univers o\u00f9 le raffinement rencontre la passion\u2026Notre love room&nbsp;\u00c9l\u00e9gance <a class=\"more-link\" href=\"https:\/\/les-sens-tantra.fr\/index.php\/love-room\/\">Continuer la lecture &rarr;<\/a><\/p>\n","protected":false},"author":1,"featured_media":0,"parent":0,"menu_order":0,"comment_status":"closed","ping_status":"closed","template":"","meta":{"footnotes":""},"class_list":["post-390","page","type-page","status-publish","hentry"],"yoast_head":"<!-- This site is optimized with the Yoast SEO plugin v26.8 - https:\/\/yoast.com\/product\/yoast-seo-wordpress\/ -->\n<title>Love Room - Les Sens Tantra<\/title>\n<meta name=\"description\" content=\"Love room Au &quot;Grey&quot; de vos envies avec spa et sauna.\" \/>\n<meta name=\"robots\" content=\"index, follow, max-snippet:-1, max-image-preview:large, max-video-preview:-1\" \/>\n<link rel=\"canonical\" href=\"https:\/\/les-sens-tantra.fr\/index.php\/love-room\/\" \/>\n<meta property=\"og:locale\" content=\"fr_FR\" \/>\n<meta property=\"og:type\" content=\"article\" \/>\n<meta property=\"og:title\" content=\"Love Room - Les Sens Tantra\" \/>\n<meta property=\"og:description\" content=\"Love room Au &quot;Grey&quot; de vos envies avec spa et sauna.\" \/>\n<meta property=\"og:url\" content=\"https:\/\/les-sens-tantra.fr\/index.php\/love-room\/\" \/>\n<meta property=\"og:site_name\" content=\"Les Sens Tantra\" \/>\n<meta property=\"article:publisher\" content=\"https:\/\/www.facebook.com\/les.sens.tantra\" \/>\n<meta property=\"article:modified_time\" content=\"2026-02-01T20:26:21+00:00\" \/>\n<meta property=\"og:image\" content=\"https:\/\/les-sens-tantra.fr\/wp-content\/uploads\/2026\/02\/20260123_1814081-scaled.jpg\" \/>\n\t<meta property=\"og:image:width\" content=\"2560\" \/>\n\t<meta property=\"og:image:height\" content=\"1154\" \/>\n\t<meta property=\"og:image:type\" content=\"image\/jpeg\" \/>\n<meta name=\"twitter:card\" content=\"summary_large_image\" \/>\n<meta name=\"twitter:label1\" content=\"Dur\u00e9e de lecture estim\u00e9e\" \/>\n\t<meta name=\"twitter:data1\" content=\"2 minutes\" \/>\n<script type=\"application\/ld+json\" class=\"yoast-schema-graph\">{\"@context\":\"https:\/\/schema.org\",\"@graph\":[{\"@type\":\"WebPage\",\"@id\":\"https:\/\/les-sens-tantra.fr\/index.php\/love-room\/\",\"url\":\"https:\/\/les-sens-tantra.fr\/index.php\/love-room\/\",\"name\":\"Love Room - Les Sens Tantra\",\"isPartOf\":{\"@id\":\"https:\/\/les-sens-tantra.fr\/#website\"},\"primaryImageOfPage\":{\"@id\":\"https:\/\/les-sens-tantra.fr\/index.php\/love-room\/#primaryimage\"},\"image\":{\"@id\":\"https:\/\/les-sens-tantra.fr\/index.php\/love-room\/#primaryimage\"},\"thumbnailUrl\":\"https:\/\/les-sens-tantra.fr\/wp-content\/uploads\/2026\/02\/20260123_1814081-1024x462.jpg\",\"datePublished\":\"2026-01-11T14:31:29+00:00\",\"dateModified\":\"2026-02-01T20:26:21+00:00\",\"description\":\"Love room Au \\\"Grey\\\" de vos envies avec spa et sauna.\",\"breadcrumb\":{\"@id\":\"https:\/\/les-sens-tantra.fr\/index.php\/love-room\/#breadcrumb\"},\"inLanguage\":\"fr-FR\",\"potentialAction\":[{\"@type\":\"ReadAction\",\"target\":[\"https:\/\/les-sens-tantra.fr\/index.php\/love-room\/\"]}]},{\"@type\":\"ImageObject\",\"inLanguage\":\"fr-FR\",\"@id\":\"https:\/\/les-sens-tantra.fr\/index.php\/love-room\/#primaryimage\",\"url\":\"https:\/\/les-sens-tantra.fr\/wp-content\/uploads\/2026\/02\/20260123_1814081-scaled.jpg\",\"contentUrl\":\"https:\/\/les-sens-tantra.fr\/wp-content\/uploads\/2026\/02\/20260123_1814081-scaled.jpg\",\"width\":2560,\"height\":1154},{\"@type\":\"BreadcrumbList\",\"@id\":\"https:\/\/les-sens-tantra.fr\/index.php\/love-room\/#breadcrumb\",\"itemListElement\":[{\"@type\":\"ListItem\",\"position\":1,\"name\":\"Accueil\",\"item\":\"https:\/\/les-sens-tantra.fr\/\"},{\"@type\":\"ListItem\",\"position\":2,\"name\":\"Love Room\"}]},{\"@type\":\"WebSite\",\"@id\":\"https:\/\/les-sens-tantra.fr\/#website\",\"url\":\"https:\/\/les-sens-tantra.fr\/\",\"name\":\"Les Sens Tantra\",\"description\":\"au del\u00e0 du geste, le toucher.\",\"publisher\":{\"@id\":\"https:\/\/les-sens-tantra.fr\/#organization\"},\"potentialAction\":[{\"@type\":\"SearchAction\",\"target\":{\"@type\":\"EntryPoint\",\"urlTemplate\":\"https:\/\/les-sens-tantra.fr\/?s={search_term_string}\"},\"query-input\":{\"@type\":\"PropertyValueSpecification\",\"valueRequired\":true,\"valueName\":\"search_term_string\"}}],\"inLanguage\":\"fr-FR\"},{\"@type\":\"Organization\",\"@id\":\"https:\/\/les-sens-tantra.fr\/#organization\",\"name\":\"Les Sens Tantra\",\"url\":\"https:\/\/les-sens-tantra.fr\/\",\"logo\":{\"@type\":\"ImageObject\",\"inLanguage\":\"fr-FR\",\"@id\":\"https:\/\/les-sens-tantra.fr\/#\/schema\/logo\/image\/\",\"url\":\"http:\/\/les-sens-tantra.fr\/wp-content\/uploads\/2023\/04\/logo_sexotherapeute-removebg-preview-1.png\",\"contentUrl\":\"http:\/\/les-sens-tantra.fr\/wp-content\/uploads\/2023\/04\/logo_sexotherapeute-removebg-preview-1.png\",\"width\":487,\"height\":513,\"caption\":\"Les Sens Tantra\"},\"image\":{\"@id\":\"https:\/\/les-sens-tantra.fr\/#\/schema\/logo\/image\/\"},\"sameAs\":[\"https:\/\/www.facebook.com\/les.sens.tantra\"]}]}<\/script>\n<!-- \/ Yoast SEO plugin. -->","yoast_head_json":{"title":"Love Room - Les Sens Tantra","description":"Love room Au \"Grey\" de vos envies avec spa et sauna.","robots":{"index":"index","follow":"follow","max-snippet":"max-snippet:-1","max-image-preview":"max-image-preview:large","max-video-preview":"max-video-preview:-1"},"canonical":"https:\/\/les-sens-tantra.fr\/index.php\/love-room\/","og_locale":"fr_FR","og_type":"article","og_title":"Love Room - Les Sens Tantra","og_description":"Love room Au \"Grey\" de vos envies avec spa et sauna.","og_url":"https:\/\/les-sens-tantra.fr\/index.php\/love-room\/","og_site_name":"Les Sens Tantra","article_publisher":"https:\/\/www.facebook.com\/les.sens.tantra","article_modified_time":"2026-02-01T20:26:21+00:00","og_image":[{"width":2560,"height":1154,"url":"https:\/\/les-sens-tantra.fr\/wp-content\/uploads\/2026\/02\/20260123_1814081-scaled.jpg","type":"image\/jpeg"}],"twitter_card":"summary_large_image","twitter_misc":{"Dur\u00e9e de lecture estim\u00e9e":"2 minutes"},"schema":{"@context":"https:\/\/schema.org","@graph":[{"@type":"WebPage","@id":"https:\/\/les-sens-tantra.fr\/index.php\/love-room\/","url":"https:\/\/les-sens-tantra.fr\/index.php\/love-room\/","name":"Love Room - Les Sens Tantra","isPartOf":{"@id":"https:\/\/les-sens-tantra.fr\/#website"},"primaryImageOfPage":{"@id":"https:\/\/les-sens-tantra.fr\/index.php\/love-room\/#primaryimage"},"image":{"@id":"https:\/\/les-sens-tantra.fr\/index.php\/love-room\/#primaryimage"},"thumbnailUrl":"https:\/\/les-sens-tantra.fr\/wp-content\/uploads\/2026\/02\/20260123_1814081-1024x462.jpg","datePublished":"2026-01-11T14:31:29+00:00","dateModified":"2026-02-01T20:26:21+00:00","description":"Love room Au \"Grey\" de vos envies avec spa et sauna.","breadcrumb":{"@id":"https:\/\/les-sens-tantra.fr\/index.php\/love-room\/#breadcrumb"},"inLanguage":"fr-FR","potentialAction":[{"@type":"ReadAction","target":["https:\/\/les-sens-tantra.fr\/index.php\/love-room\/"]}]},{"@type":"ImageObject","inLanguage":"fr-FR","@id":"https:\/\/les-sens-tantra.fr\/index.php\/love-room\/#primaryimage","url":"https:\/\/les-sens-tantra.fr\/wp-content\/uploads\/2026\/02\/20260123_1814081-scaled.jpg","contentUrl":"https:\/\/les-sens-tantra.fr\/wp-content\/uploads\/2026\/02\/20260123_1814081-scaled.jpg","width":2560,"height":1154},{"@type":"BreadcrumbList","@id":"https:\/\/les-sens-tantra.fr\/index.php\/love-room\/#breadcrumb","itemListElement":[{"@type":"ListItem","position":1,"name":"Accueil","item":"https:\/\/les-sens-tantra.fr\/"},{"@type":"ListItem","position":2,"name":"Love Room"}]},{"@type":"WebSite","@id":"https:\/\/les-sens-tantra.fr\/#website","url":"https:\/\/les-sens-tantra.fr\/","name":"Les Sens Tantra","description":"au del\u00e0 du geste, le toucher.","publisher":{"@id":"https:\/\/les-sens-tantra.fr\/#organization"},"potentialAction":[{"@type":"SearchAction","target":{"@type":"EntryPoint","urlTemplate":"https:\/\/les-sens-tantra.fr\/?s={search_term_string}"},"query-input":{"@type":"PropertyValueSpecification","valueRequired":true,"valueName":"search_term_string"}}],"inLanguage":"fr-FR"},{"@type":"Organization","@id":"https:\/\/les-sens-tantra.fr\/#organization","name":"Les Sens Tantra","url":"https:\/\/les-sens-tantra.fr\/","logo":{"@type":"ImageObject","inLanguage":"fr-FR","@id":"https:\/\/les-sens-tantra.fr\/#\/schema\/logo\/image\/","url":"http:\/\/les-sens-tantra.fr\/wp-content\/uploads\/2023\/04\/logo_sexotherapeute-removebg-preview-1.png","contentUrl":"http:\/\/les-sens-tantra.fr\/wp-content\/uploads\/2023\/04\/logo_sexotherapeute-removebg-preview-1.png","width":487,"height":513,"caption":"Les Sens Tantra"},"image":{"@id":"https:\/\/les-sens-tantra.fr\/#\/schema\/logo\/image\/"},"sameAs":["https:\/\/www.facebook.com\/les.sens.tantra"]}]}},"_links":{"self":[{"href":"https:\/\/les-sens-tantra.fr\/index.php\/wp-json\/wp\/v2\/pages\/390","targetHints":{"allow":["GET"]}}],"collection":[{"href":"https:\/\/les-sens-tantra.fr\/index.php\/wp-json\/wp\/v2\/pages"}],"about":[{"href":"https:\/\/les-sens-tantra.fr\/index.php\/wp-json\/wp\/v2\/types\/page"}],"author":[{"embeddable":true,"href":"https:\/\/les-sens-tantra.fr\/index.php\/wp-json\/wp\/v2\/users\/1"}],"replies":[{"embeddable":true,"href":"https:\/\/les-sens-tantra.fr\/index.php\/wp-json\/wp\/v2\/comments?post=390"}],"version-history":[{"count":3,"href":"https:\/\/les-sens-tantra.fr\/index.php\/wp-json\/wp\/v2\/pages\/390\/revisions"}],"predecessor-version":[{"id":401,"href":"https:\/\/les-sens-tantra.fr\/index.php\/wp-json\/wp\/v2\/pages\/390\/revisions\/401"}],"wp:attachment":[{"href":"https:\/\/les-sens-tantra.fr\/index.php\/wp-json\/wp\/v2\/media?parent=390"}],"curies":[{"name":"wp","href":"https:\/\/api.w.org\/{rel}","templated":true}]}}